{"id":430,"date":"2024-05-03T17:20:16","date_gmt":"2024-05-03T17:20:16","guid":{"rendered":"https:\/\/cloturesroyales.com\/ciment\/"},"modified":"2024-05-07T21:25:21","modified_gmt":"2024-05-07T21:25:21","slug":"ciment","status":"publish","type":"page","link":"https:\/\/cloturesroyales.com\/fr\/ciment\/","title":{"rendered":"Ciment"},"content":{"rendered":"\t\t<div data-elementor-type=\"wp-page\" data-elementor-id=\"430\" class=\"elementor elementor-430 elementor-412\" data-elementor-post-type=\"page\">\n\t\t\t\t<div class=\"elementor-element elementor-element-49bf3a58 e-flex e-con-boxed e-con e-parent\" data-id=\"49bf3a58\" data-element_type=\"container\" data-settings=\"{&quot;background_background&quot;:&quot;classic&quot;}\">\n\t\t\t\t\t<div class=\"e-con-inner\">\n\t\t<div class=\"elementor-element elementor-element-a290b70 e-con-full e-flex e-con e-child\" data-id=\"a290b70\" data-element_type=\"container\">\n\t\t\t\t<div class=\"elementor-element elementor-element-6d25f255 elementor-widget elementor-widget-heading\" data-id=\"6d25f255\" data-element_type=\"widget\" data-widget_type=\"heading.default\">\n\t\t\t\t<div class=\"elementor-widget-container\">\n\t\t\t<style>\/*! elementor - v3.21.0 - 22-05-2024 *\/\n.elementor-heading-title{padding:0;margin:0;line-height:1}.elementor-widget-heading .elementor-heading-title[class*=elementor-size-]>a{color:inherit;font-size:inherit;line-height:inherit}.elementor-widget-heading .elementor-heading-title.elementor-size-small{font-size:15px}.elementor-widget-heading .elementor-heading-title.elementor-size-medium{font-size:19px}.elementor-widget-heading .elementor-heading-title.elementor-size-large{font-size:29px}.elementor-widget-heading .elementor-heading-title.elementor-size-xl{font-size:39px}.elementor-widget-heading .elementor-heading-title.elementor-size-xxl{font-size:59px}<\/style><h3 class=\"elementor-heading-title elementor-size-default\">B\u00e2tir la force, assurer la pr\u00e9cision<\/h3>\t\t<\/div>\n\t\t\t\t<\/div>\n\t\t\t\t<div class=\"elementor-element elementor-element-d6c2e7c elementor-widget elementor-widget-heading\" data-id=\"d6c2e7c\" data-element_type=\"widget\" data-widget_type=\"heading.default\">\n\t\t\t\t<div class=\"elementor-widget-container\">\n\t\t\t<h1 class=\"elementor-heading-title elementor-size-default\">Services avanc\u00e9s de ciment et de b\u00e9ton<\/h1>\t\t<\/div>\n\t\t\t\t<\/div>\n\t\t\t\t<div class=\"elementor-element elementor-element-448eece6 elementor-widget elementor-widget-text-editor\" data-id=\"448eece6\" data-element_type=\"widget\" data-widget_type=\"text-editor.default\">\n\t\t\t\t<div class=\"elementor-widget-container\">\n\t\t\t<style>\/*! elementor - v3.21.0 - 22-05-2024 *\/\n.elementor-widget-text-editor.elementor-drop-cap-view-stacked .elementor-drop-cap{background-color:#69727d;color:#fff}.elementor-widget-text-editor.elementor-drop-cap-view-framed .elementor-drop-cap{color:#69727d;border:3px solid;background-color:transparent}.elementor-widget-text-editor:not(.elementor-drop-cap-view-default) .elementor-drop-cap{margin-top:8px}.elementor-widget-text-editor:not(.elementor-drop-cap-view-default) .elementor-drop-cap-letter{width:1em;height:1em}.elementor-widget-text-editor .elementor-drop-cap{float:left;text-align:center;line-height:1;font-size:50px}.elementor-widget-text-editor .elementor-drop-cap-letter{display:inline-block}<\/style>\t\t\t\t<p>Cl\u00f4tures Royales Solutions offre des services professionnels de m\u00e9lange de ciment, de bris de b\u00e9ton et de r\u00e9paration, garantissant qualit\u00e9, fiabilit\u00e9 et efficacit\u00e9 pour chaque d\u00e9fi de construction, des projets \u00e0 petite \u00e9chelle aux grands d\u00e9veloppements.<\/p>\n\t\t\t\t\t\t<\/div>\n\t\t\t\t<\/div>\n\t\t\t\t<\/div>\n\t\t<div class=\"elementor-element elementor-element-5fe25521 e-con-full e-flex e-con e-child\" data-id=\"5fe25521\" data-element_type=\"container\">\n\t\t\t\t<\/div>\n\t\t\t\t\t<\/div>\n\t\t\t\t<\/div>\n\t\t<div class=\"elementor-element elementor-element-16e20d6b e-flex e-con-boxed e-con e-parent\" data-id=\"16e20d6b\" data-element_type=\"container\">\n\t\t\t\t\t<div class=\"e-con-inner\">\n\t\t<div class=\"elementor-element elementor-element-245f21b1 e-con-full e-flex e-con e-child\" data-id=\"245f21b1\" data-element_type=\"container\">\n\t\t\t\t<div class=\"elementor-element elementor-element-170e0b4b elementor-widget elementor-widget-image\" data-id=\"170e0b4b\" data-element_type=\"widget\" data-widget_type=\"image.default\">\n\t\t\t\t<div class=\"elementor-widget-container\">\n\t\t\t<style>\/*! elementor - v3.21.0 - 22-05-2024 *\/\n.elementor-widget-image{text-align:center}.elementor-widget-image a{display:inline-block}.elementor-widget-image a img[src$=\".svg\"]{width:48px}.elementor-widget-image img{vertical-align:middle;display:inline-block}<\/style>\t\t\t\t\t\t\t\t\t\t<img fetchpriority=\"high\" decoding=\"async\" width=\"2048\" height=\"1365\" src=\"https:\/\/cloturesroyales.com\/wp-content\/uploads\/2024\/05\/pexels-rquiros-2219024-2048x1365.jpg\" class=\"attachment-2048x2048 size-2048x2048 wp-image-420\" alt=\"\" srcset=\"https:\/\/cloturesroyales.com\/wp-content\/uploads\/2024\/05\/pexels-rquiros-2219024-2048x1365.jpg 2048w, https:\/\/cloturesroyales.com\/wp-content\/uploads\/2024\/05\/pexels-rquiros-2219024-300x200.jpg 300w, https:\/\/cloturesroyales.com\/wp-content\/uploads\/2024\/05\/pexels-rquiros-2219024-1024x683.jpg 1024w, https:\/\/cloturesroyales.com\/wp-content\/uploads\/2024\/05\/pexels-rquiros-2219024-768x512.jpg 768w, https:\/\/cloturesroyales.com\/wp-content\/uploads\/2024\/05\/pexels-rquiros-2219024-1536x1024.jpg 1536w\" sizes=\"(max-width: 2048px) 100vw, 2048px\" \/>\t\t\t\t\t\t\t\t\t\t\t\t\t<\/div>\n\t\t\t\t<\/div>\n\t\t\t\t<\/div>\n\t\t<div class=\"elementor-element elementor-element-2d3bd486 e-con-full e-flex e-con e-child\" data-id=\"2d3bd486\" data-element_type=\"container\">\n\t\t\t\t<div class=\"elementor-element elementor-element-3aba756c elementor-widget elementor-widget-heading\" data-id=\"3aba756c\" data-element_type=\"widget\" data-widget_type=\"heading.default\">\n\t\t\t\t<div class=\"elementor-widget-container\">\n\t\t\t<h2 class=\"elementor-heading-title elementor-size-default\">Ciment &amp; B\u00e9ton<\/h2>\t\t<\/div>\n\t\t\t\t<\/div>\n\t\t\t\t<div class=\"elementor-element elementor-element-667acda6 elementor-widget-divider--view-line elementor-widget elementor-widget-divider\" data-id=\"667acda6\" data-element_type=\"widget\" data-widget_type=\"divider.default\">\n\t\t\t\t<div class=\"elementor-widget-container\">\n\t\t\t<style>\/*! elementor - v3.21.0 - 22-05-2024 *\/\n.elementor-widget-divider{--divider-border-style:none;--divider-border-width:1px;--divider-color:#0c0d0e;--divider-icon-size:20px;--divider-element-spacing:10px;--divider-pattern-height:24px;--divider-pattern-size:20px;--divider-pattern-url:none;--divider-pattern-repeat:repeat-x}.elementor-widget-divider .elementor-divider{display:flex}.elementor-widget-divider .elementor-divider__text{font-size:15px;line-height:1;max-width:95%}.elementor-widget-divider .elementor-divider__element{margin:0 var(--divider-element-spacing);flex-shrink:0}.elementor-widget-divider .elementor-icon{font-size:var(--divider-icon-size)}.elementor-widget-divider .elementor-divider-separator{display:flex;margin:0;direction:ltr}.elementor-widget-divider--view-line_icon .elementor-divider-separator,.elementor-widget-divider--view-line_text .elementor-divider-separator{align-items:center}.elementor-widget-divider--view-line_icon .elementor-divider-separator:after,.elementor-widget-divider--view-line_icon .elementor-divider-separator:before,.elementor-widget-divider--view-line_text .elementor-divider-separator:after,.elementor-widget-divider--view-line_text .elementor-divider-separator:before{display:block;content:\"\";border-block-end:0;flex-grow:1;border-block-start:var(--divider-border-width) var(--divider-border-style) var(--divider-color)}.elementor-widget-divider--element-align-left .elementor-divider .elementor-divider-separator>.elementor-divider__svg:first-of-type{flex-grow:0;flex-shrink:100}.elementor-widget-divider--element-align-left .elementor-divider-separator:before{content:none}.elementor-widget-divider--element-align-left .elementor-divider__element{margin-left:0}.elementor-widget-divider--element-align-right .elementor-divider .elementor-divider-separator>.elementor-divider__svg:last-of-type{flex-grow:0;flex-shrink:100}.elementor-widget-divider--element-align-right .elementor-divider-separator:after{content:none}.elementor-widget-divider--element-align-right .elementor-divider__element{margin-right:0}.elementor-widget-divider--element-align-start .elementor-divider .elementor-divider-separator>.elementor-divider__svg:first-of-type{flex-grow:0;flex-shrink:100}.elementor-widget-divider--element-align-start .elementor-divider-separator:before{content:none}.elementor-widget-divider--element-align-start .elementor-divider__element{margin-inline-start:0}.elementor-widget-divider--element-align-end .elementor-divider .elementor-divider-separator>.elementor-divider__svg:last-of-type{flex-grow:0;flex-shrink:100}.elementor-widget-divider--element-align-end .elementor-divider-separator:after{content:none}.elementor-widget-divider--element-align-end .elementor-divider__element{margin-inline-end:0}.elementor-widget-divider:not(.elementor-widget-divider--view-line_text):not(.elementor-widget-divider--view-line_icon) .elementor-divider-separator{border-block-start:var(--divider-border-width) var(--divider-border-style) var(--divider-color)}.elementor-widget-divider--separator-type-pattern{--divider-border-style:none}.elementor-widget-divider--separator-type-pattern.elementor-widget-divider--view-line .elementor-divider-separator,.elementor-widget-divider--separator-type-pattern:not(.elementor-widget-divider--view-line) .elementor-divider-separator:after,.elementor-widget-divider--separator-type-pattern:not(.elementor-widget-divider--view-line) .elementor-divider-separator:before,.elementor-widget-divider--separator-type-pattern:not([class*=elementor-widget-divider--view]) .elementor-divider-separator{width:100%;min-height:var(--divider-pattern-height);-webkit-mask-size:var(--divider-pattern-size) 100%;mask-size:var(--divider-pattern-size) 100%;-webkit-mask-repeat:var(--divider-pattern-repeat);mask-repeat:var(--divider-pattern-repeat);background-color:var(--divider-color);-webkit-mask-image:var(--divider-pattern-url);mask-image:var(--divider-pattern-url)}.elementor-widget-divider--no-spacing{--divider-pattern-size:auto}.elementor-widget-divider--bg-round{--divider-pattern-repeat:round}.rtl .elementor-widget-divider .elementor-divider__text{direction:rtl}.e-con-inner>.elementor-widget-divider,.e-con>.elementor-widget-divider{width:var(--container-widget-width,100%);--flex-grow:var(--container-widget-flex-grow)}<\/style>\t\t<div class=\"elementor-divider\">\n\t\t\t<span class=\"elementor-divider-separator\">\n\t\t\t\t\t\t<\/span>\n\t\t<\/div>\n\t\t\t\t<\/div>\n\t\t\t\t<\/div>\n\t\t\t\t<div class=\"elementor-element elementor-element-2a7e16d1 elementor-widget elementor-widget-text-editor\" data-id=\"2a7e16d1\" data-element_type=\"widget\" data-widget_type=\"text-editor.default\">\n\t\t\t\t<div class=\"elementor-widget-container\">\n\t\t\t\t\t\t\t<p>Cl\u00f4tures Royales Solutions est votre r\u00e9f\u00e9rence pour les services professionnels de m\u00e9lange de ciment et de bris de b\u00e9ton. Avec un accent sur la qualit\u00e9, la fiabilit\u00e9 et l&rsquo;efficacit\u00e9, nous nous sp\u00e9cialisons dans la fourniture de solutions en b\u00e9ton pr\u00e9cises, adapt\u00e9es \u00e0 vos besoins sp\u00e9cifiques. D\u00e9couvrez notre expertise et notre d\u00e9vouement \u00e0 l&rsquo;excellence dans l&rsquo;industrie du b\u00e9ton.<\/p>\n\t\t\t\t\t\t<\/div>\n\t\t\t\t<\/div>\n\t\t\t\t<\/div>\n\t\t\t\t\t<\/div>\n\t\t\t\t<\/div>\n\t\t<div class=\"elementor-element elementor-element-2482ea14 e-con-full e-flex e-con e-parent\" data-id=\"2482ea14\" data-element_type=\"container\" data-settings=\"{&quot;background_background&quot;:&quot;classic&quot;}\">\n\t\t<div class=\"elementor-element elementor-element-5cf71f0a e-con-full e-flex e-con e-child\" data-id=\"5cf71f0a\" data-element_type=\"container\">\n\t\t\t\t<div class=\"elementor-element elementor-element-4bd5d021 elementor-widget elementor-widget-heading\" data-id=\"4bd5d021\" data-element_type=\"widget\" data-widget_type=\"heading.default\">\n\t\t\t\t<div class=\"elementor-widget-container\">\n\t\t\t<h2 class=\"elementor-heading-title elementor-size-default\">NOS SERVICES<\/h2>\t\t<\/div>\n\t\t\t\t<\/div>\n\t\t\t\t<div class=\"elementor-element elementor-element-2df9f332 elementor-widget elementor-widget-heading\" data-id=\"2df9f332\" data-element_type=\"widget\" data-widget_type=\"heading.default\">\n\t\t\t\t<div class=\"elementor-widget-container\">\n\t\t\t<h3 class=\"elementor-heading-title elementor-size-default\">M\u00e9lange de ciment<\/h3>\t\t<\/div>\n\t\t\t\t<\/div>\n\t\t\t\t<div class=\"elementor-element elementor-element-1e6068e9 elementor-widget elementor-widget-text-editor\" data-id=\"1e6068e9\" data-element_type=\"widget\" data-widget_type=\"text-editor.default\">\n\t\t\t\t<div class=\"elementor-widget-container\">\n\t\t\t\t\t\t\t<p>Des projets de petite envergure aux grandes entreprises de construction, nous offrons des services experts de m\u00e9lange de ciment pour r\u00e9pondre \u00e0 vos besoins en b\u00e9ton. Notre \u00e9quipement de pointe et nos op\u00e9rateurs qualifi\u00e9s garantissent des m\u00e9langes constants et de haute qualit\u00e9 pour une performance optimale et une durabilit\u00e9 accrue.<\/p>\n\t\t\t\t\t\t<\/div>\n\t\t\t\t<\/div>\n\t\t\t\t<div class=\"elementor-element elementor-element-178785f4 elementor-widget elementor-widget-heading\" data-id=\"178785f4\" data-element_type=\"widget\" data-widget_type=\"heading.default\">\n\t\t\t\t<div class=\"elementor-widget-container\">\n\t\t\t<h3 class=\"elementor-heading-title elementor-size-default\">Bris de b\u00e9ton<\/h3>\t\t<\/div>\n\t\t\t\t<\/div>\n\t\t\t\t<div class=\"elementor-element elementor-element-5bc7d9b3 elementor-widget elementor-widget-text-editor\" data-id=\"5bc7d9b3\" data-element_type=\"widget\" data-widget_type=\"text-editor.default\">\n\t\t\t\t<div class=\"elementor-widget-container\">\n\t\t\t\t\t\t\t<p>Besoin de retirer de vieilles structures en b\u00e9ton ou de pr\u00e9parer un site pour une nouvelle construction ? Nos services de bris de b\u00e9ton sont con\u00e7us pour s&rsquo;attaquer m\u00eame aux travaux les plus difficiles avec pr\u00e9cision et efficacit\u00e9. Que ce soit pour briser des trottoirs, des all\u00e9es ou des fondations, nous avons l&rsquo;expertise et l&rsquo;\u00e9quipement n\u00e9cessaire pour bien faire le travail.<\/p>\n\t\t\t\t\t\t<\/div>\n\t\t\t\t<\/div>\n\t\t\t\t<div class=\"elementor-element elementor-element-d4c7c7d elementor-widget elementor-widget-heading\" data-id=\"d4c7c7d\" data-element_type=\"widget\" data-widget_type=\"heading.default\">\n\t\t\t\t<div class=\"elementor-widget-container\">\n\t\t\t<h3 class=\"elementor-heading-title elementor-size-default\">R\u00e9paration de b\u00e9ton<\/h3>\t\t<\/div>\n\t\t\t\t<\/div>\n\t\t\t\t<div class=\"elementor-element elementor-element-5b6af3b7 elementor-widget elementor-widget-text-editor\" data-id=\"5b6af3b7\" data-element_type=\"widget\" data-widget_type=\"text-editor.default\">\n\t\t\t\t<div class=\"elementor-widget-container\">\n\t\t\t\t\t\t\t<p>Restaurez et renforcez les surfaces en b\u00e9ton d\u00e9t\u00e9rior\u00e9es avec nos services professionnels de r\u00e9paration de b\u00e9ton. De la r\u00e9paration de fissures \u00e0 la restauration de d\u00e9collements, nous \u00e9valuerons les dommages et recommanderons des solutions rentables pour prolonger la dur\u00e9e de vie de vos structures en b\u00e9ton.<\/p>\n\t\t\t\t\t\t<\/div>\n\t\t\t\t<\/div>\n\t\t\t\t<\/div>\n\t\t<div class=\"elementor-element elementor-element-6a4674c8 e-con-full e-flex e-con e-child\" data-id=\"6a4674c8\" data-element_type=\"container\" data-settings=\"{&quot;background_background&quot;:&quot;classic&quot;}\">\n\t\t\t\t<\/div>\n\t\t\t\t<\/div>\n\t\t<div class=\"elementor-element elementor-element-7ae54e68 e-flex e-con-boxed e-con e-parent\" data-id=\"7ae54e68\" data-element_type=\"container\" data-settings=\"{&quot;background_background&quot;:&quot;classic&quot;}\">\n\t\t\t\t\t<div class=\"e-con-inner\">\n\t\t\t\t<div class=\"elementor-element elementor-element-18cc8fd3 elementor-widget elementor-widget-heading\" data-id=\"18cc8fd3\" data-element_type=\"widget\" data-widget_type=\"heading.default\">\n\t\t\t\t<div class=\"elementor-widget-container\">\n\t\t\t<h2 class=\"elementor-heading-title elementor-size-default\">CONTACTEZ-NOUS\n<\/h2>\t\t<\/div>\n\t\t\t\t<\/div>\n\t\t\t\t<div class=\"elementor-element elementor-element-5125479d elementor-widget-divider--view-line elementor-widget elementor-widget-divider\" data-id=\"5125479d\" data-element_type=\"widget\" data-widget_type=\"divider.default\">\n\t\t\t\t<div class=\"elementor-widget-container\">\n\t\t\t\t\t<div class=\"elementor-divider\">\n\t\t\t<span class=\"elementor-divider-separator\">\n\t\t\t\t\t\t<\/span>\n\t\t<\/div>\n\t\t\t\t<\/div>\n\t\t\t\t<\/div>\n\t\t\t\t<div class=\"elementor-element elementor-element-58948802 elementor-widget__width-initial elementor-widget elementor-widget-text-editor\" data-id=\"58948802\" data-element_type=\"widget\" data-widget_type=\"text-editor.default\">\n\t\t\t\t<div class=\"elementor-widget-container\">\n\t\t\t\t\t\t\t<p>Pr\u00eat \u00e0 valoriser votre propri\u00e9t\u00e9 avec des services experts en ciment ? Contactez-nous d\u00e8s aujourd&rsquo;hui pour planifier une consultation. Notre \u00e9quipe est l\u00e0 pour discuter de votre projet, vous offrir des recommandations personnalis\u00e9es et vous fournir une proposition d\u00e9taill\u00e9e adapt\u00e9e \u00e0 vos besoins et \u00e0 votre budget. Donnons vie \u00e0 votre vision !<\/p>\n\t\t\t\t\t\t<\/div>\n\t\t\t\t<\/div>\n\t\t\t\t<div class=\"elementor-element elementor-element-60728523 elementor-widget elementor-widget-heading\" data-id=\"60728523\" data-element_type=\"widget\" data-widget_type=\"heading.default\">\n\t\t\t\t<div class=\"elementor-widget-container\">\n\t\t\t<h3 class=\"elementor-heading-title elementor-size-default\">Contactez-nous aujourd'hui au 514-299-6821<br>pour discuter de vos besoins de projet.<\/h3>\t\t<\/div>\n\t\t\t\t<\/div>\n\t\t\t\t<div class=\"elementor-element elementor-element-73fad436 elementor-align-center elementor-widget elementor-widget-button\" data-id=\"73fad436\" data-element_type=\"widget\" data-widget_type=\"button.default\">\n\t\t\t\t<div class=\"elementor-widget-container\">\n\t\t\t\t\t<div class=\"elementor-button-wrapper\">\n\t\t\t<a class=\"elementor-button elementor-button-link elementor-size-sm elementor-animation-grow\" href=\"tel:514-299-6821\">\n\t\t\t\t\t\t<span class=\"elementor-button-content-wrapper\">\n\t\t\t\t\t\t\t\t\t<span class=\"elementor-button-text\">APPELEZ MAINTENANT<\/span>\n\t\t\t\t\t<\/span>\n\t\t\t\t\t<\/a>\n\t\t<\/div>\n\t\t\t\t<\/div>\n\t\t\t\t<\/div>\n\t\t\t\t\t<\/div>\n\t\t\t\t<\/div>\n\t\t\t\t<\/div>\n\t\t","protected":false},"excerpt":{"rendered":"<p>B\u00e2tir la force, assurer la pr\u00e9cision Services avanc\u00e9s de ciment et de b\u00e9ton Cl\u00f4tures Royales Solutions offre des services professionnels de m\u00e9lange de ciment, de bris de b\u00e9ton et de r\u00e9paration, garantissant qualit\u00e9, fiabilit\u00e9 et efficacit\u00e9 pour chaque d\u00e9fi de construction, des projets \u00e0 petite \u00e9chelle aux grands d\u00e9veloppements. Ciment &amp; B\u00e9ton Cl\u00f4tures Royales Solutions [&hellip;]<\/p>\n","protected":false},"author":1,"featured_media":0,"parent":0,"menu_order":0,"comment_status":"closed","ping_status":"closed","template":"","meta":{"footnotes":""},"class_list":["post-430","page","type-page","status-publish","hentry"],"_links":{"self":[{"href":"https:\/\/cloturesroyales.com\/fr\/wp-json\/wp\/v2\/pages\/430","targetHints":{"allow":["GET"]}}],"collection":[{"href":"https:\/\/cloturesroyales.com\/fr\/wp-json\/wp\/v2\/pages"}],"about":[{"href":"https:\/\/cloturesroyales.com\/fr\/wp-json\/wp\/v2\/types\/page"}],"author":[{"embeddable":true,"href":"https:\/\/cloturesroyales.com\/fr\/wp-json\/wp\/v2\/users\/1"}],"replies":[{"embeddable":true,"href":"https:\/\/cloturesroyales.com\/fr\/wp-json\/wp\/v2\/comments?post=430"}],"version-history":[{"count":2,"href":"https:\/\/cloturesroyales.com\/fr\/wp-json\/wp\/v2\/pages\/430\/revisions"}],"predecessor-version":[{"id":496,"href":"https:\/\/cloturesroyales.com\/fr\/wp-json\/wp\/v2\/pages\/430\/revisions\/496"}],"wp:attachment":[{"href":"https:\/\/cloturesroyales.com\/fr\/wp-json\/wp\/v2\/media?parent=430"}],"curies":[{"name":"wp","href":"https:\/\/api.w.org\/{rel}","templated":true}]}}